{"id":611,"date":"2022-01-14T12:51:05","date_gmt":"2022-01-14T11:51:05","guid":{"rendered":"https:\/\/laiternel.fr\/?page_id=611"},"modified":"2025-02-26T21:42:26","modified_gmt":"2025-02-26T20:42:26","slug":"le-cabinet","status":"publish","type":"page","link":"https:\/\/laiternel.fr\/index.php\/le-cabinet\/","title":{"rendered":"Le Cabinet"},"content":{"rendered":"\t\t<div data-elementor-type=\"wp-page\" data-elementor-id=\"611\" class=\"elementor elementor-611\">\n\t\t\t\t\t\t<section class=\"elementor-section elementor-top-section elementor-element elementor-element-980d325 elementor-section-boxed elementor-section-height-default elementor-section-height-default\" data-id=\"980d325\" data-element_type=\"section\">\n\t\t\t\t\t\t<div class=\"elementor-container elementor-column-gap-default\">\n\t\t\t\t\t<div class=\"aux-parallax-section elementor-column elementor-col-100 elementor-top-column elementor-element elementor-element-5875fcf\" data-id=\"5875fcf\" data-element_type=\"column\">\n\t\t\t<div class=\"elementor-widget-wrap elementor-element-populated\">\n\t\t\t\t\t\t<div class=\"elementor-element elementor-element-3c9a480 elementor-widget elementor-widget-spacer\" data-id=\"3c9a480\" data-element_type=\"widget\" data-widget_type=\"spacer.default\">\n\t\t\t\t<div class=\"elementor-widget-container\">\n\t\t\t\t\t\t\t<div class=\"elementor-spacer\">\n\t\t\t<div class=\"elementor-spacer-inner\"><\/div>\n\t\t<\/div>\n\t\t\t\t\t\t<\/div>\n\t\t\t\t<\/div>\n\t\t\t\t\t<\/div>\n\t\t<\/div>\n\t\t\t\t\t<\/div>\n\t\t<\/section>\n\t\t\t\t<section class=\"elementor-section elementor-top-section elementor-element elementor-element-b07dc56 elementor-section-boxed elementor-section-height-default elementor-section-height-default\" data-id=\"b07dc56\" data-element_type=\"section\">\n\t\t\t\t\t\t<div class=\"elementor-container elementor-column-gap-default\">\n\t\t\t\t\t<div class=\"aux-parallax-section elementor-column elementor-col-50 elementor-top-column elementor-element elementor-element-e72890d\" data-id=\"e72890d\" data-element_type=\"column\">\n\t\t\t<div class=\"elementor-widget-wrap elementor-element-populated\">\n\t\t\t\t\t\t<div class=\"elementor-element elementor-element-1058f19 aux-appear-watch-animation aux-scale-up-1 elementor-widget elementor-widget-aux_image\" data-id=\"1058f19\" data-element_type=\"widget\" data-widget_type=\"aux_image.default\">\n\t\t\t\t<div class=\"elementor-widget-container\">\n\t\t\t\t\t<section class=\"widget-container aux-widget-image aux-alignnone aux-parent-au448cdb0e\">\n    <div class=\"aux-media-hint-frame \">\n        <div class=\"aux-media-image \" >\n        \n            \n\n            \n            <img fetchpriority=\"high\" decoding=\"async\" width=\"1600\" height=\"889\" src=\"data:image\/gif;base64,R0lGODlhAQABAIAAAAAAAP\/\/\/yH5BAEAAAAALAAAAAABAAEAAAIBRAA7\" class=\"aux-attachment aux-featured-image aux-attachment-id-679 aux-preload aux-blank\" alt=\"fond\" data-ratio=\"1.8\" data-original-w=\"1600\" data-src=\"https:\/\/laiternel.fr\/wp-content\/uploads\/2022\/01\/fond-1.jpg\" \/>            \n                <\/div>\n    <\/div>\n\n<\/section><!-- widget-container -->\t\t\t\t<\/div>\n\t\t\t\t<\/div>\n\t\t\t\t\t<\/div>\n\t\t<\/div>\n\t\t\t\t<div class=\"aux-parallax-section elementor-column elementor-col-50 elementor-top-column elementor-element elementor-element-87a605a\" data-id=\"87a605a\" data-element_type=\"column\">\n\t\t\t<div class=\"elementor-widget-wrap elementor-element-populated\">\n\t\t\t\t\t\t<div class=\"elementor-element elementor-element-bc62d0b aux-appear-watch-animation aux-fade-in-up-1 elementor-widget elementor-widget-aux_modern_heading\" data-id=\"bc62d0b\" data-element_type=\"widget\" data-widget_type=\"aux_modern_heading.default\">\n\t\t\t\t<div class=\"elementor-widget-container\">\n\t\t\t\t\t<section class=\"aux-widget-modern-heading\">\n            <div class=\"aux-widget-inner\"><h2 class=\"aux-modern-heading-primary\">Le Cabinet<\/h2><h3 class=\"aux-modern-heading-secondary\"><span class=\"aux-head-before\">Professionnels<\/span><span class=\"aux-head-highlight\">de <\/span><span class=\"aux-head-after\">sant\u00e9<\/span><\/h3><div class=\"aux-modern-heading-description\"><p>Mon cabinet se situe au 1er \u00e9tage du Centre Mozart, au 40 rue Paul D\u00e9roul\u00e8de, en plein c\u0153ur de Nice, proche de la place Mozart,\u00a0 de la promenade des Anglais et de Nice Etoile. Le Centre Mozart est sp\u00e9cialis\u00e9 dans la prise en charge des femmes, des nouveaux-n\u00e9s et des enfants. C'est aussi un cabinet \"familial\" et les ost\u00e9opathes prennent \u00e9galement en charge les adultes.<\/p><\/div><\/div>\n        <\/section>\t\t\t\t<\/div>\n\t\t\t\t<\/div>\n\t\t\t\t\t<\/div>\n\t\t<\/div>\n\t\t\t\t\t<\/div>\n\t\t<\/section>\n\t\t\t\t<section class=\"elementor-section elementor-top-section elementor-element elementor-element-ea006f4 elementor-section-boxed elementor-section-height-default elementor-section-height-default\" data-id=\"ea006f4\" data-element_type=\"section\">\n\t\t\t\t\t\t<div class=\"elementor-container elementor-column-gap-default\">\n\t\t\t\t\t<div class=\"aux-parallax-section elementor-column elementor-col-100 elementor-top-column elementor-element elementor-element-4d0e578\" data-id=\"4d0e578\" data-element_type=\"column\">\n\t\t\t<div class=\"elementor-widget-wrap elementor-element-populated\">\n\t\t\t\t\t\t<div class=\"elementor-element elementor-element-dd9b372 elementor-widget elementor-widget-html\" data-id=\"dd9b372\" data-element_type=\"widget\" data-widget_type=\"html.default\">\n\t\t\t\t<div class=\"elementor-widget-container\">\n\t\t\t\t\t<a href=\"https:\/\/www.doctolib.fr\/infirmiere-puericultrice\/nice\/cindy-filippini\/booking?utm_campaign=website-button&amp;utm_source=cindy-filippini-website-button&amp;utm_medium=referral&amp;utm_content=withoutpreview-blue-floating-bottom-right&amp;utm_term=cindy-filippini\" style=\"display:flex;text-align:center;background-color:#107ACA;color:#ffffff;font-size:14px;overflow:hidden;font-family:Roboto, sans-serif;box-sizing:border-box;align-items:center;padding:0 24px;z-index:1000;height:48px;text-decoration:none;position:fixed;bottom:16px;right:16px;border-bottom-left-radius:none;border-bottom-right-radius:none;border-top-left-radius:4px;border-top-right-radius:4px;border-radius:24px\" target=\"_blank\"> <!-- -->Prendre rendez-vous<!-- --> <img decoding=\"async\" style=\"height:19px;vertical-align:middle;width:auto\" src=\"https:\/\/pro.doctolib.fr\/external_button\/doctolib-white-transparent.png\" alt=\"Doctolib\"\/><\/a>\t\t\t\t<\/div>\n\t\t\t\t<\/div>\n\t\t\t\t\t<\/div>\n\t\t<\/div>\n\t\t\t\t\t<\/div>\n\t\t<\/section>\n\t\t\t\t<\/div>\n\t\t","protected":false},"excerpt":{"rendered":"<p>Le Cabinet Professionnelsde sant\u00e9 Mon cabinet se situe au 1er \u00e9tage du Centre Mozart, au 40 rue Paul D\u00e9roul\u00e8de, en plein c\u0153ur de Nice, proche de la place Mozart,\u00a0 de la promenade des Anglais et de Nice Etoile. Le Centre Mozart est sp\u00e9cialis\u00e9 dans la prise en charge des femmes, des nouveaux-n\u00e9s et des enfants. [&hellip;]<\/p>\n","protected":false},"author":2,"featured_media":0,"parent":0,"menu_order":0,"comment_status":"closed","ping_status":"closed","template":"","meta":{"footnotes":""},"class_list":["post-611","page","type-page","status-publish","hentry"],"yoast_head":"<!-- This site is optimized with the Yoast SEO plugin v24.5 - https:\/\/yoast.com\/wordpress\/plugins\/seo\/ -->\n<title>Le Cabinet - Consultante en lactation IBCLC<\/title>\n<meta name=\"description\" content=\"Cindy Filippini IBCLC Experte en allaitement, professionnels de sant\u00e9, consultations en lactation, Aix-en-Provence, Bouches-du-Rh\u00f4ne.\" \/>\n<meta name=\"robots\" content=\"index, follow, max-snippet:-1, max-image-preview:large, max-video-preview:-1\" \/>\n<link rel=\"canonical\" href=\"https:\/\/laiternel.fr\/index.php\/le-cabinet\/\" \/>\n<meta property=\"og:locale\" content=\"fr_FR\" \/>\n<meta property=\"og:type\" content=\"article\" \/>\n<meta property=\"og:title\" content=\"Le Cabinet - Consultante en lactation IBCLC\" \/>\n<meta property=\"og:description\" content=\"Cindy Filippini IBCLC Experte en allaitement, professionnels de sant\u00e9, consultations en lactation, Aix-en-Provence, Bouches-du-Rh\u00f4ne.\" \/>\n<meta property=\"og:url\" content=\"https:\/\/laiternel.fr\/index.php\/le-cabinet\/\" \/>\n<meta property=\"og:site_name\" content=\"Consultante en lactation IBCLC\" \/>\n<meta property=\"article:publisher\" content=\"https:\/\/www.facebook.com\/Consultante.en.Lactation.IBCLC\/\" \/>\n<meta property=\"article:modified_time\" content=\"2025-02-26T20:42:26+00:00\" \/>\n<meta property=\"og:image\" content=\"https:\/\/pro.doctolib.fr\/external_button\/doctolib-white-transparent.png\" \/>\n<meta name=\"twitter:label1\" content=\"Dur\u00e9e de lecture estim\u00e9e\" \/>\n\t<meta name=\"twitter:data1\" content=\"1 minute\" \/>\n<script type=\"application\/ld+json\" class=\"yoast-schema-graph\">{\"@context\":\"https:\/\/schema.org\",\"@graph\":[{\"@type\":\"WebPage\",\"@id\":\"https:\/\/laiternel.fr\/index.php\/le-cabinet\/\",\"url\":\"https:\/\/laiternel.fr\/index.php\/le-cabinet\/\",\"name\":\"Le Cabinet - Consultante en lactation IBCLC\",\"isPartOf\":{\"@id\":\"https:\/\/laiternel.fr\/#website\"},\"primaryImageOfPage\":{\"@id\":\"https:\/\/laiternel.fr\/index.php\/le-cabinet\/#primaryimage\"},\"image\":{\"@id\":\"https:\/\/laiternel.fr\/index.php\/le-cabinet\/#primaryimage\"},\"thumbnailUrl\":\"https:\/\/pro.doctolib.fr\/external_button\/doctolib-white-transparent.png\",\"datePublished\":\"2022-01-14T11:51:05+00:00\",\"dateModified\":\"2025-02-26T20:42:26+00:00\",\"description\":\"Cindy Filippini IBCLC Experte en allaitement, professionnels de sant\u00e9, consultations en lactation, Aix-en-Provence, Bouches-du-Rh\u00f4ne.\",\"breadcrumb\":{\"@id\":\"https:\/\/laiternel.fr\/index.php\/le-cabinet\/#breadcrumb\"},\"inLanguage\":\"fr-FR\",\"potentialAction\":[{\"@type\":\"ReadAction\",\"target\":[\"https:\/\/laiternel.fr\/index.php\/le-cabinet\/\"]}]},{\"@type\":\"ImageObject\",\"inLanguage\":\"fr-FR\",\"@id\":\"https:\/\/laiternel.fr\/index.php\/le-cabinet\/#primaryimage\",\"url\":\"https:\/\/pro.doctolib.fr\/external_button\/doctolib-white-transparent.png\",\"contentUrl\":\"https:\/\/pro.doctolib.fr\/external_button\/doctolib-white-transparent.png\"},{\"@type\":\"BreadcrumbList\",\"@id\":\"https:\/\/laiternel.fr\/index.php\/le-cabinet\/#breadcrumb\",\"itemListElement\":[{\"@type\":\"ListItem\",\"position\":1,\"name\":\"Accueil\",\"item\":\"https:\/\/laiternel.fr\/\"},{\"@type\":\"ListItem\",\"position\":2,\"name\":\"Le Cabinet\"}]},{\"@type\":\"WebSite\",\"@id\":\"https:\/\/laiternel.fr\/#website\",\"url\":\"https:\/\/laiternel.fr\/\",\"name\":\"Consultante en lactation IBCLC\",\"description\":\"Professionnels de sant\u00e9\",\"publisher\":{\"@id\":\"https:\/\/laiternel.fr\/#organization\"},\"potentialAction\":[{\"@type\":\"SearchAction\",\"target\":{\"@type\":\"EntryPoint\",\"urlTemplate\":\"https:\/\/laiternel.fr\/?s={search_term_string}\"},\"query-input\":{\"@type\":\"PropertyValueSpecification\",\"valueRequired\":true,\"valueName\":\"search_term_string\"}}],\"inLanguage\":\"fr-FR\"},{\"@type\":\"Organization\",\"@id\":\"https:\/\/laiternel.fr\/#organization\",\"name\":\"Laiternel\",\"url\":\"https:\/\/laiternel.fr\/\",\"logo\":{\"@type\":\"ImageObject\",\"inLanguage\":\"fr-FR\",\"@id\":\"https:\/\/laiternel.fr\/#\/schema\/logo\/image\/\",\"url\":\"https:\/\/laiternel.fr\/wp-content\/uploads\/2022\/01\/cropped-laiternel-74@2x.png\",\"contentUrl\":\"https:\/\/laiternel.fr\/wp-content\/uploads\/2022\/01\/cropped-laiternel-74@2x.png\",\"width\":167,\"height\":61,\"caption\":\"Laiternel\"},\"image\":{\"@id\":\"https:\/\/laiternel.fr\/#\/schema\/logo\/image\/\"},\"sameAs\":[\"https:\/\/www.facebook.com\/Consultante.en.Lactation.IBCLC\/\",\"https:\/\/www.instagram.com\/laiternel.ibclc.13\/?hl=fr\"]}]}<\/script>\n<!-- \/ Yoast SEO plugin. -->","yoast_head_json":{"title":"Le Cabinet - Consultante en lactation IBCLC","description":"Cindy Filippini IBCLC Experte en allaitement, professionnels de sant\u00e9, consultations en lactation, Aix-en-Provence, Bouches-du-Rh\u00f4ne.","robots":{"index":"index","follow":"follow","max-snippet":"max-snippet:-1","max-image-preview":"max-image-preview:large","max-video-preview":"max-video-preview:-1"},"canonical":"https:\/\/laiternel.fr\/index.php\/le-cabinet\/","og_locale":"fr_FR","og_type":"article","og_title":"Le Cabinet - Consultante en lactation IBCLC","og_description":"Cindy Filippini IBCLC Experte en allaitement, professionnels de sant\u00e9, consultations en lactation, Aix-en-Provence, Bouches-du-Rh\u00f4ne.","og_url":"https:\/\/laiternel.fr\/index.php\/le-cabinet\/","og_site_name":"Consultante en lactation IBCLC","article_publisher":"https:\/\/www.facebook.com\/Consultante.en.Lactation.IBCLC\/","article_modified_time":"2025-02-26T20:42:26+00:00","og_image":[{"url":"https:\/\/pro.doctolib.fr\/external_button\/doctolib-white-transparent.png","type":"","width":"","height":""}],"twitter_misc":{"Dur\u00e9e de lecture estim\u00e9e":"1 minute"},"schema":{"@context":"https:\/\/schema.org","@graph":[{"@type":"WebPage","@id":"https:\/\/laiternel.fr\/index.php\/le-cabinet\/","url":"https:\/\/laiternel.fr\/index.php\/le-cabinet\/","name":"Le Cabinet - Consultante en lactation IBCLC","isPartOf":{"@id":"https:\/\/laiternel.fr\/#website"},"primaryImageOfPage":{"@id":"https:\/\/laiternel.fr\/index.php\/le-cabinet\/#primaryimage"},"image":{"@id":"https:\/\/laiternel.fr\/index.php\/le-cabinet\/#primaryimage"},"thumbnailUrl":"https:\/\/pro.doctolib.fr\/external_button\/doctolib-white-transparent.png","datePublished":"2022-01-14T11:51:05+00:00","dateModified":"2025-02-26T20:42:26+00:00","description":"Cindy Filippini IBCLC Experte en allaitement, professionnels de sant\u00e9, consultations en lactation, Aix-en-Provence, Bouches-du-Rh\u00f4ne.","breadcrumb":{"@id":"https:\/\/laiternel.fr\/index.php\/le-cabinet\/#breadcrumb"},"inLanguage":"fr-FR","potentialAction":[{"@type":"ReadAction","target":["https:\/\/laiternel.fr\/index.php\/le-cabinet\/"]}]},{"@type":"ImageObject","inLanguage":"fr-FR","@id":"https:\/\/laiternel.fr\/index.php\/le-cabinet\/#primaryimage","url":"https:\/\/pro.doctolib.fr\/external_button\/doctolib-white-transparent.png","contentUrl":"https:\/\/pro.doctolib.fr\/external_button\/doctolib-white-transparent.png"},{"@type":"BreadcrumbList","@id":"https:\/\/laiternel.fr\/index.php\/le-cabinet\/#breadcrumb","itemListElement":[{"@type":"ListItem","position":1,"name":"Accueil","item":"https:\/\/laiternel.fr\/"},{"@type":"ListItem","position":2,"name":"Le Cabinet"}]},{"@type":"WebSite","@id":"https:\/\/laiternel.fr\/#website","url":"https:\/\/laiternel.fr\/","name":"Consultante en lactation IBCLC","description":"Professionnels de sant\u00e9","publisher":{"@id":"https:\/\/laiternel.fr\/#organization"},"potentialAction":[{"@type":"SearchAction","target":{"@type":"EntryPoint","urlTemplate":"https:\/\/laiternel.fr\/?s={search_term_string}"},"query-input":{"@type":"PropertyValueSpecification","valueRequired":true,"valueName":"search_term_string"}}],"inLanguage":"fr-FR"},{"@type":"Organization","@id":"https:\/\/laiternel.fr\/#organization","name":"Laiternel","url":"https:\/\/laiternel.fr\/","logo":{"@type":"ImageObject","inLanguage":"fr-FR","@id":"https:\/\/laiternel.fr\/#\/schema\/logo\/image\/","url":"https:\/\/laiternel.fr\/wp-content\/uploads\/2022\/01\/cropped-laiternel-74@2x.png","contentUrl":"https:\/\/laiternel.fr\/wp-content\/uploads\/2022\/01\/cropped-laiternel-74@2x.png","width":167,"height":61,"caption":"Laiternel"},"image":{"@id":"https:\/\/laiternel.fr\/#\/schema\/logo\/image\/"},"sameAs":["https:\/\/www.facebook.com\/Consultante.en.Lactation.IBCLC\/","https:\/\/www.instagram.com\/laiternel.ibclc.13\/?hl=fr"]}]}},"_links":{"self":[{"href":"https:\/\/laiternel.fr\/index.php\/wp-json\/wp\/v2\/pages\/611","targetHints":{"allow":["GET"]}}],"collection":[{"href":"https:\/\/laiternel.fr\/index.php\/wp-json\/wp\/v2\/pages"}],"about":[{"href":"https:\/\/laiternel.fr\/index.php\/wp-json\/wp\/v2\/types\/page"}],"author":[{"embeddable":true,"href":"https:\/\/laiternel.fr\/index.php\/wp-json\/wp\/v2\/users\/2"}],"replies":[{"embeddable":true,"href":"https:\/\/laiternel.fr\/index.php\/wp-json\/wp\/v2\/comments?post=611"}],"version-history":[{"count":9,"href":"https:\/\/laiternel.fr\/index.php\/wp-json\/wp\/v2\/pages\/611\/revisions"}],"predecessor-version":[{"id":1177,"href":"https:\/\/laiternel.fr\/index.php\/wp-json\/wp\/v2\/pages\/611\/revisions\/1177"}],"wp:attachment":[{"href":"https:\/\/laiternel.fr\/index.php\/wp-json\/wp\/v2\/media?parent=611"}],"curies":[{"name":"wp","href":"https:\/\/api.w.org\/{rel}","templated":true}]}}